{"id":9246,"date":"2022-05-22T21:03:25","date_gmt":"2022-05-23T01:03:25","guid":{"rendered":"https:\/\/www.teranet.ca\/?page_id=9246"},"modified":"2022-12-08T11:57:11","modified_gmt":"2022-12-08T16:57:11","slug":"agostino-russo","status":"publish","type":"page","link":"https:\/\/www.teranet.ca\/fr\/about-us\/executive-team\/agostino-russo\/","title":{"rendered":"Agostino Russo"},"content":{"rendered":"[vc_row type=\u00a0\u00bbin_container\u00a0\u00bb full_screen_row_position=\u00a0\u00bbmiddle\u00a0\u00bb column_margin=\u00a0\u00bb20px\u00a0\u00bb equal_height=\u00a0\u00bbyes\u00a0\u00bb content_placement=\u00a0\u00bbtop\u00a0\u00bb column_direction=\u00a0\u00bbdefault\u00a0\u00bb column_direction_tablet=\u00a0\u00bbdefault\u00a0\u00bb column_direction_phone=\u00a0\u00bbdefault\u00a0\u00bb bg_color=\u00a0\u00bb#ffffff\u00a0\u00bb bg_image=\u00a0\u00bb5994&Prime; bg_position=\u00a0\u00bbcenter center\u00a0\u00bb background_image_loading=\u00a0\u00bblazy-load\u00a0\u00bb bg_repeat=\u00a0\u00bbno-repeat\u00a0\u00bb scene_position=\u00a0\u00bbcenter\u00a0\u00bb top_padding=\u00a0\u00bb2%\u00a0\u00bb bottom_padding=\u00a0\u00bb2%\u00a0\u00bb left_padding_desktop=\u00a0\u00bb2%\u00a0\u00bb constrain_group_2=\u00a0\u00bbyes\u00a0\u00bb right_padding_desktop=\u00a0\u00bb2%\u00a0\u00bb text_color=\u00a0\u00bbdark\u00a0\u00bb text_align=\u00a0\u00bbleft\u00a0\u00bb row_border_radius=\u00a0\u00bbnone\u00a0\u00bb row_border_radius_applies=\u00a0\u00bbbg\u00a0\u00bb overflow=\u00a0\u00bbvisible\u00a0\u00bb advanced_gradient_angle=\u00a0\u00bb0&Prime; overlay_strength=\u00a0\u00bb0.3&Prime; gradient_direction=\u00a0\u00bbleft_to_right\u00a0\u00bb shape_divider_position=\u00a0\u00bbbottom\u00a0\u00bb bg_image_animation=\u00a0\u00bbnone\u00a0\u00bb parallax_bg=\u00a0\u00bbtrue\u00a0\u00bb parallax_bg_speed=\u00a0\u00bbfixed\u00a0\u00bb gradient_type=\u00a0\u00bbdefault\u00a0\u00bb shape_type=\u00a0\u00bb\u00a0\u00bb][vc_column column_padding=\u00a0\u00bbpadding-4-percent\u00a0\u00bb column_padding_tablet=\u00a0\u00bbinherit\u00a0\u00bb column_padding_phone=\u00a0\u00bbinherit\u00a0\u00bb column_padding_position=\u00a0\u00bbleft-right\u00a0\u00bb column_element_spacing=\u00a0\u00bbdefault\u00a0\u00bb background_color_opacity=\u00a0\u00bb1&Prime; background_hover_color_opacity=\u00a0\u00bb1&Prime; column_shadow=\u00a0\u00bbnone\u00a0\u00bb column_border_radius=\u00a0\u00bbnone\u00a0\u00bb column_link_target=\u00a0\u00bb_self\u00a0\u00bb column_position=\u00a0\u00bbdefault\u00a0\u00bb advanced_gradient_angle=\u00a0\u00bb0&Prime; gradient_direction=\u00a0\u00bbleft_to_right\u00a0\u00bb overlay_strength=\u00a0\u00bb0.3&Prime; width=\u00a0\u00bb1\/2&Prime; tablet_width_inherit=\u00a0\u00bbdefault\u00a0\u00bb tablet_text_alignment=\u00a0\u00bbdefault\u00a0\u00bb phone_text_alignment=\u00a0\u00bbdefault\u00a0\u00bb animation_type=\u00a0\u00bbdefault\u00a0\u00bb bg_image_animation=\u00a0\u00bbnone\u00a0\u00bb border_type=\u00a0\u00bbsimple\u00a0\u00bb column_border_width=\u00a0\u00bbnone\u00a0\u00bb column_border_style=\u00a0\u00bbsolid\u00a0\u00bb gradient_type=\u00a0\u00bbdefault\u00a0\u00bb][image_with_animation image_url=\u00a0\u00bb9818&Prime; image_size=\u00a0\u00bbfull\u00a0\u00bb animation_type=\u00a0\u00bbentrance\u00a0\u00bb animation=\u00a0\u00bbFade In\u00a0\u00bb hover_animation=\u00a0\u00bbnone\u00a0\u00bb alignment=\u00a0\u00bbcenter\u00a0\u00bb border_radius=\u00a0\u00bbnone\u00a0\u00bb box_shadow=\u00a0\u00bbnone\u00a0\u00bb image_loading=\u00a0\u00bblazy-load\u00a0\u00bb max_width=\u00a0\u00bb75%\u00a0\u00bb max_width_mobile=\u00a0\u00bbdefault\u00a0\u00bb][\/vc_column][vc_column column_padding=\u00a0\u00bbno-extra-padding\u00a0\u00bb column_padding_tablet=\u00a0\u00bbinherit\u00a0\u00bb column_padding_phone=\u00a0\u00bbinherit\u00a0\u00bb column_padding_position=\u00a0\u00bbleft-right\u00a0\u00bb column_element_spacing=\u00a0\u00bbdefault\u00a0\u00bb background_color_opacity=\u00a0\u00bb1&Prime; background_hover_color_opacity=\u00a0\u00bb1&Prime; column_shadow=\u00a0\u00bbnone\u00a0\u00bb column_border_radius=\u00a0\u00bbnone\u00a0\u00bb column_link_target=\u00a0\u00bb_self\u00a0\u00bb column_position=\u00a0\u00bbdefault\u00a0\u00bb advanced_gradient_angle=\u00a0\u00bb0&Prime; gradient_direction=\u00a0\u00bbleft_to_right\u00a0\u00bb overlay_strength=\u00a0\u00bb0.3&Prime; width=\u00a0\u00bb1\/2&Prime; tablet_width_inherit=\u00a0\u00bbdefault\u00a0\u00bb tablet_text_alignment=\u00a0\u00bbdefault\u00a0\u00bb phone_text_alignment=\u00a0\u00bbdefault\u00a0\u00bb animation_type=\u00a0\u00bbdefault\u00a0\u00bb bg_image_animation=\u00a0\u00bbnone\u00a0\u00bb border_type=\u00a0\u00bbsimple\u00a0\u00bb column_border_width=\u00a0\u00bbnone\u00a0\u00bb column_border_style=\u00a0\u00bbsolid\u00a0\u00bb gradient_type=\u00a0\u00bbdefault\u00a0\u00bb][vc_column_text]\n<h4><span style=\"color: #55565b;\"><strong>\u00c9quipe de direction<\/strong><\/span><\/h4>\n[\/vc_column_text][vc_column_text max_width=\u00a0\u00bb550&Prime;]\n<blockquote>\n<h2><span style=\"color: #55565b;\">Agostino Russo<\/span><\/h2>\n<p><span style=\"color: #55565b;\">Directeur des affaires juridiques et secr\u00e9taire general<\/span><\/p>\n<\/blockquote>\n[\/vc_column_text][divider line_type=\u00a0\u00bbNo Line\u00a0\u00bb custom_height=\u00a0\u00bb15&Prime;][vc_row_inner column_margin=\u00a0\u00bbdefault\u00a0\u00bb column_direction=\u00a0\u00bbdefault\u00a0\u00bb column_direction_tablet=\u00a0\u00bbdefault\u00a0\u00bb column_direction_phone=\u00a0\u00bbdefault\u00a0\u00bb text_align=\u00a0\u00bbleft\u00a0\u00bb row_position=\u00a0\u00bbdefault\u00a0\u00bb row_position_tablet=\u00a0\u00bbinherit\u00a0\u00bb row_position_phone=\u00a0\u00bbinherit\u00a0\u00bb overflow=\u00a0\u00bbvisible\u00a0\u00bb pointer_events=\u00a0\u00bball\u00a0\u00bb][vc_column_inner column_padding=\u00a0\u00bbno-extra-padding\u00a0\u00bb column_padding_tablet=\u00a0\u00bbinherit\u00a0\u00bb column_padding_phone=\u00a0\u00bbinherit\u00a0\u00bb column_padding_position=\u00a0\u00bball\u00a0\u00bb column_element_spacing=\u00a0\u00bbdefault\u00a0\u00bb background_color_opacity=\u00a0\u00bb1&Prime; background_hover_color_opacity=\u00a0\u00bb1&Prime; column_shadow=\u00a0\u00bbnone\u00a0\u00bb column_border_radius=\u00a0\u00bbnone\u00a0\u00bb column_link_target=\u00a0\u00bb_self\u00a0\u00bb gradient_direction=\u00a0\u00bbleft_to_right\u00a0\u00bb overlay_strength=\u00a0\u00bb0.3&Prime; width=\u00a0\u00bb1\/2&Prime; tablet_width_inherit=\u00a0\u00bbdefault\u00a0\u00bb animation_type=\u00a0\u00bbdefault\u00a0\u00bb bg_image_animation=\u00a0\u00bbnone\u00a0\u00bb border_type=\u00a0\u00bbsimple\u00a0\u00bb column_border_width=\u00a0\u00bbnone\u00a0\u00bb column_border_style=\u00a0\u00bbsolid\u00a0\u00bb][nectar_icon icon_family=\u00a0\u00bbfontawesome\u00a0\u00bb icon_style=\u00a0\u00bbdefault\u00a0\u00bb icon_color_type=\u00a0\u00bbcolor_scheme\u00a0\u00bb icon_color=\u00a0\u00bbAccent-Color\u00a0\u00bb open_new_tab=\u00a0\u00bbtrue\u00a0\u00bb icon_padding=\u00a0\u00bb0px\u00a0\u00bb icon_size=\u00a0\u00bb24&Prime; url=\u00a0\u00bbhttps:\/\/www.linkedin.com\/in\/agostinorusso\/\u00a0\u00bb icon_fontawesome=\u00a0\u00bbfa fa-linkedin-square\u00a0\u00bb][\/vc_column_inner][vc_column_inner column_padding=\u00a0\u00bbno-extra-padding\u00a0\u00bb column_padding_tablet=\u00a0\u00bbinherit\u00a0\u00bb column_padding_phone=\u00a0\u00bbinherit\u00a0\u00bb column_padding_position=\u00a0\u00bball\u00a0\u00bb column_element_spacing=\u00a0\u00bbdefault\u00a0\u00bb background_color_opacity=\u00a0\u00bb1&Prime; background_hover_color_opacity=\u00a0\u00bb1&Prime; column_shadow=\u00a0\u00bbnone\u00a0\u00bb column_border_radius=\u00a0\u00bbnone\u00a0\u00bb column_link_target=\u00a0\u00bb_self\u00a0\u00bb gradient_direction=\u00a0\u00bbleft_to_right\u00a0\u00bb overlay_strength=\u00a0\u00bb0.3&Prime; width=\u00a0\u00bb1\/2&Prime; tablet_width_inherit=\u00a0\u00bbdefault\u00a0\u00bb animation_type=\u00a0\u00bbdefault\u00a0\u00bb bg_image_animation=\u00a0\u00bbnone\u00a0\u00bb border_type=\u00a0\u00bbsimple\u00a0\u00bb column_border_width=\u00a0\u00bbnone\u00a0\u00bb column_border_style=\u00a0\u00bbsolid\u00a0\u00bb][nectar_cta btn_style=\u00a0\u00bbmaterial\u00a0\u00bb heading_tag=\u00a0\u00bbspan\u00a0\u00bb text_color=\u00a0\u00bb#4c7a15&Prime; link_type=\u00a0\u00bbregular\u00a0\u00bb alignment=\u00a0\u00bbright\u00a0\u00bb alignment_tablet=\u00a0\u00bbdefault\u00a0\u00bb alignment_phone=\u00a0\u00bbdefault\u00a0\u00bb display=\u00a0\u00bbblock\u00a0\u00bb display_tablet=\u00a0\u00bbinherit\u00a0\u00bb display_phone=\u00a0\u00bbinherit\u00a0\u00bb link_text=\u00a0\u00bbRetour \u00e0 l&rsquo;\u00c9quipe de direction\u00a0\u00bb url=\u00a0\u00bbhttps:\/\/www.teranet.ca\/fr\/about-us\/executive-team\/\u00a0\u00bb][\/vc_column_inner][\/vc_row_inner][vc_row_inner column_margin=\u00a0\u00bbdefault\u00a0\u00bb column_direction=\u00a0\u00bbdefault\u00a0\u00bb column_direction_tablet=\u00a0\u00bbdefault\u00a0\u00bb column_direction_phone=\u00a0\u00bbdefault\u00a0\u00bb text_align=\u00a0\u00bbleft\u00a0\u00bb row_position=\u00a0\u00bbdefault\u00a0\u00bb row_position_tablet=\u00a0\u00bbinherit\u00a0\u00bb row_position_phone=\u00a0\u00bbinherit\u00a0\u00bb overflow=\u00a0\u00bbvisible\u00a0\u00bb pointer_events=\u00a0\u00bball\u00a0\u00bb][vc_column_inner column_padding=\u00a0\u00bbno-extra-padding\u00a0\u00bb column_padding_tablet=\u00a0\u00bbinherit\u00a0\u00bb column_padding_phone=\u00a0\u00bbinherit\u00a0\u00bb column_padding_position=\u00a0\u00bball\u00a0\u00bb top_margin=\u00a0\u00bb-2%\u00a0\u00bb column_element_spacing=\u00a0\u00bbdefault\u00a0\u00bb background_color_opacity=\u00a0\u00bb1&Prime; background_hover_color_opacity=\u00a0\u00bb1&Prime; column_shadow=\u00a0\u00bbnone\u00a0\u00bb column_border_radius=\u00a0\u00bbnone\u00a0\u00bb column_link_target=\u00a0\u00bb_self\u00a0\u00bb advanced_gradient_angle=\u00a0\u00bb0&Prime; gradient_direction=\u00a0\u00bbleft_to_right\u00a0\u00bb overlay_strength=\u00a0\u00bb0.3&Prime; width=\u00a0\u00bb1\/1&Prime; tablet_width_inherit=\u00a0\u00bbdefault\u00a0\u00bb animation_type=\u00a0\u00bbdefault\u00a0\u00bb bg_image_animation=\u00a0\u00bbnone\u00a0\u00bb border_type=\u00a0\u00bbadvanced\u00a0\u00bb border_top_desktop=\u00a0\u00bb1&Prime; column_border_color=\u00a0\u00bb#d8d8d8&Prime; column_border_style=\u00a0\u00bbsolid\u00a0\u00bb gradient_type=\u00a0\u00bbdefault\u00a0\u00bb][vc_column_text css=\u00a0\u00bb.vc_custom_1653268371229{margin-top: 30px !important;margin-bottom: 30px !important;}\u00a0\u00bb]Agostino Russo occupe le poste de directeur des affaires juridiques et secr\u00e9taire g\u00e9n\u00e9ral de Teranet Inc.<\/p>\n<p>Avant de se joindre \u00e0 Teranet en mai 2011, Russo \u00e9tait vice-pr\u00e9sident et avocat g\u00e9n\u00e9ral chez BCE Inc., la plus importante soci\u00e9t\u00e9 de communications au Canada. Dans ce r\u00f4le, il a dirig\u00e9 la planification et le fonctionnement de l\u2019ensemble des services juridiques pour les entreprises de consommation de Bell Canada, y compris Bell T\u00e9l\u00e9phonie, Bell Mobilit\u00e9,<\/p>\n<p>Bell Internet et Bell TV. Russo a fourni des conseils juridiques et commerciaux strat\u00e9giques sur un large \u00e9ventail de questions, y compris la structuration, la r\u00e9daction et la n\u00e9gociation de grands accords corporatifs et commerciaux ainsi que le d\u00e9veloppement, le marketing, les ventes et le service d\u2019une vaste gamme de produits de consommation. Russo s\u2019est joint \u00e0 BCE en 2001 en tant que conseiller principal et a par la suite occup\u00e9 un certain nombre de r\u00f4les de niveau croissant.<\/p>\n<p>De 1997 \u00e0 2001, Russo a \u00e9t\u00e9 conseiller principal \u00e0 l\u2019Autorit\u00e9 a\u00e9roportuaire du Grand Toronto, l\u2019autorit\u00e9 a\u00e9roportuaire canadienne responsable du d\u00e9veloppement et de l\u2019exploitation de l\u2019a\u00e9roport international Pearson de Toronto. \u00c0 titre de conseiller principal, Russo a appuy\u00e9 la haute direction concernant un large \u00e9ventail de questions d\u2019entreprise, commerciales, immobili\u00e8res et financi\u00e8res, y compris le financement, le d\u00e9veloppement, la construction et le cr\u00e9dit-bail des installations de terminal et de fret de 4,4 milliards de dollars qui sont maintenant en place \u00e0 Pearson, notamment le nouveau Terminal 1, le Terminal 3 r\u00e9nov\u00e9 et le d\u00e9veloppement des nouvelles infrastructures a\u00e9riennes.<\/p>\n<p>De 1991 \u00e0 1996, Russo a \u00e9t\u00e9 avocat associ\u00e9 \u00e0 Torys LLP, o\u00f9 il a fourni des services juridiques aux entreprises publiques et priv\u00e9es sur une gamme de questions complexes de droit de l\u2019entreprise et de la propri\u00e9t\u00e9 immobili\u00e8re, notamment les acquisitions et ali\u00e9nations, les coentreprises et accords de copropri\u00e9t\u00e9, le financement et les valeurs mobili\u00e8res.<br \/>\nRusso a obtenu un LL.B. de la Facult\u00e9 de droit de l\u2019Universit\u00e9 de Toronto en 1989 et a \u00e9t\u00e9 admis au Barreau de la province de l\u2019Ontario en 1991.[\/vc_column_text][\/vc_column_inner][\/vc_row_inner][\/vc_column][\/vc_row]\n","protected":false},"excerpt":{"rendered":"<p>[vc_row type=\u00a0\u00bbin_container\u00a0\u00bb full_screen_row_position=\u00a0\u00bbmiddle\u00a0\u00bb column_margin=\u00a0\u00bb20px\u00a0\u00bb equal_height=\u00a0\u00bbyes\u00a0\u00bb content_placement=\u00a0\u00bbtop\u00a0\u00bb column_direction=\u00a0\u00bbdefault\u00a0\u00bb column_direction_tablet=\u00a0\u00bbdefault\u00a0\u00bb column_direction_phone=\u00a0\u00bbdefault\u00a0\u00bb bg_color=\u00a0\u00bb#ffffff\u00a0\u00bb bg_image=\u00a0\u00bb5994&Prime; bg_position=\u00a0\u00bbcenter center\u00a0\u00bb background_image_loading=\u00a0\u00bblazy-load\u00a0\u00bb bg_repeat=\u00a0\u00bbno-repeat\u00a0\u00bb scene_position=\u00a0\u00bbcenter\u00a0\u00bb top_padding=\u00a0\u00bb2%\u00a0\u00bb bottom_padding=\u00a0\u00bb2%\u00a0\u00bb left_padding_desktop=\u00a0\u00bb2%\u00a0\u00bb constrain_group_2=\u00a0\u00bbyes\u00a0\u00bb right_padding_desktop=\u00a0\u00bb2%\u00a0\u00bb text_color=\u00a0\u00bbdark\u00a0\u00bb text_align=\u00a0\u00bbleft\u00a0\u00bb row_border_radius=\u00a0\u00bbnone\u00a0\u00bb row_border_radius_applies=\u00a0\u00bbbg\u00a0\u00bb overflow=\u00a0\u00bbvisible\u00a0\u00bb advanced_gradient_angle=\u00a0\u00bb0&Prime; overlay_strength=\u00a0\u00bb0.3&Prime; gradient_direction=\u00a0\u00bbleft_to_right\u00a0\u00bb shape_divider_position=\u00a0\u00bbbottom\u00a0\u00bb&#8230;<\/p>\n","protected":false},"author":6,"featured_media":0,"parent":6842,"menu_order":0,"comment_status":"closed","ping_status":"closed","template":"","meta":{"_acf_changed":false,"inline_featured_image":false,"footnotes":""},"class_list":["post-9246","page","type-page","status-publish"],"acf":[],"yoast_head":"<!-- This site is optimized with the Yoast SEO Premium plugin v26.9 (Yoast SEO v26.9) - https:\/\/yoast.com\/product\/yoast-seo-premium-wordpress\/ -->\n<title>Agostino Russo - Teranet<\/title>\n<meta name=\"robots\" content=\"index, follow, max-snippet:-1, max-image-preview:large, max-video-preview:-1\" \/>\n<link rel=\"canonical\" href=\"https:\/\/www.teranet.ca\/fr\/about-us\/executive-team\/agostino-russo\/\" \/>\n<meta property=\"og:locale\" content=\"fr_CA\" \/>\n<meta property=\"og:type\" content=\"article\" \/>\n<meta property=\"og:title\" content=\"Agostino Russo\" \/>\n<meta property=\"og:description\" content=\"[vc_row type=\u00a0\u00bbin_container\u00a0\u00bb full_screen_row_position=\u00a0\u00bbmiddle\u00a0\u00bb column_margin=\u00a0\u00bb20px\u00a0\u00bb equal_height=\u00a0\u00bbyes\u00a0\u00bb content_placement=\u00a0\u00bbtop\u00a0\u00bb column_direction=\u00a0\u00bbdefault\u00a0\u00bb column_direction_tablet=\u00a0\u00bbdefault\u00a0\u00bb column_direction_phone=\u00a0\u00bbdefault\u00a0\u00bb bg_color=\u00a0\u00bb#ffffff\u00a0\u00bb bg_image=\u00a0\u00bb5994&Prime; bg_position=\u00a0\u00bbcenter center\u00a0\u00bb background_image_loading=\u00a0\u00bblazy-load\u00a0\u00bb bg_repeat=\u00a0\u00bbno-repeat\u00a0\u00bb scene_position=\u00a0\u00bbcenter\u00a0\u00bb top_padding=\u00a0\u00bb2%\u00a0\u00bb bottom_padding=\u00a0\u00bb2%\u00a0\u00bb left_padding_desktop=\u00a0\u00bb2%\u00a0\u00bb constrain_group_2=\u00a0\u00bbyes\u00a0\u00bb right_padding_desktop=\u00a0\u00bb2%\u00a0\u00bb text_color=\u00a0\u00bbdark\u00a0\u00bb text_align=\u00a0\u00bbleft\u00a0\u00bb row_border_radius=\u00a0\u00bbnone\u00a0\u00bb row_border_radius_applies=\u00a0\u00bbbg\u00a0\u00bb overflow=\u00a0\u00bbvisible\u00a0\u00bb advanced_gradient_angle=\u00a0\u00bb0&Prime; overlay_strength=\u00a0\u00bb0.3&Prime; gradient_direction=\u00a0\u00bbleft_to_right\u00a0\u00bb shape_divider_position=\u00a0\u00bbbottom\u00a0\u00bb...\" \/>\n<meta property=\"og:url\" content=\"https:\/\/www.teranet.ca\/fr\/about-us\/executive-team\/agostino-russo\/\" \/>\n<meta property=\"og:site_name\" content=\"Teranet\" \/>\n<meta property=\"article:modified_time\" content=\"2022-12-08T16:57:11+00:00\" \/>\n<meta name=\"twitter:card\" content=\"summary_large_image\" \/>\n<meta name=\"twitter:site\" content=\"@TERANET_SOCIAL\" \/>\n<meta name=\"twitter:label1\" content=\"Estimation du temps de lecture\" \/>\n\t<meta name=\"twitter:data1\" content=\"6 minutes\" \/>\n<script type=\"application\/ld+json\" class=\"yoast-schema-graph\">{\"@context\":\"https:\/\/schema.org\",\"@graph\":[{\"@type\":\"WebPage\",\"@id\":\"https:\/\/www.teranet.ca\/fr\/about-us\/executive-team\/agostino-russo\/\",\"url\":\"https:\/\/www.teranet.ca\/fr\/about-us\/executive-team\/agostino-russo\/\",\"name\":\"Agostino Russo - Teranet\",\"isPartOf\":{\"@id\":\"https:\/\/www.teranet.ca\/#website\"},\"datePublished\":\"2022-05-23T01:03:25+00:00\",\"dateModified\":\"2022-12-08T16:57:11+00:00\",\"breadcrumb\":{\"@id\":\"https:\/\/www.teranet.ca\/fr\/about-us\/executive-team\/agostino-russo\/#breadcrumb\"},\"inLanguage\":\"fr-CA\",\"potentialAction\":[{\"@type\":\"ReadAction\",\"target\":[\"https:\/\/www.teranet.ca\/fr\/about-us\/executive-team\/agostino-russo\/\"]}]},{\"@type\":\"BreadcrumbList\",\"@id\":\"https:\/\/www.teranet.ca\/fr\/about-us\/executive-team\/agostino-russo\/#breadcrumb\",\"itemListElement\":[{\"@type\":\"ListItem\",\"position\":1,\"name\":\"Home\",\"item\":\"https:\/\/www.teranet.ca\/fr\/\"},{\"@type\":\"ListItem\",\"position\":2,\"name\":\"\u00c0 propos de nous\",\"item\":\"https:\/\/www.teranet.ca\/fr\/about-us\/\"},{\"@type\":\"ListItem\",\"position\":3,\"name\":\"\u00c9quipe de direction de Teranet\",\"item\":\"https:\/\/www.teranet.ca\/fr\/about-us\/executive-team\/\"},{\"@type\":\"ListItem\",\"position\":4,\"name\":\"Agostino Russo\"}]},{\"@type\":\"WebSite\",\"@id\":\"https:\/\/www.teranet.ca\/#website\",\"url\":\"https:\/\/www.teranet.ca\/\",\"name\":\"Teranet\",\"description\":\"Reliable Data + Insightful Solutions\",\"publisher\":{\"@id\":\"https:\/\/www.teranet.ca\/#organization\"},\"potentialAction\":[{\"@type\":\"SearchAction\",\"target\":{\"@type\":\"EntryPoint\",\"urlTemplate\":\"https:\/\/www.teranet.ca\/?s={search_term_string}\"},\"query-input\":{\"@type\":\"PropertyValueSpecification\",\"valueRequired\":true,\"valueName\":\"search_term_string\"}}],\"inLanguage\":\"fr-CA\"},{\"@type\":[\"Organization\",\"Place\"],\"@id\":\"https:\/\/www.teranet.ca\/#organization\",\"name\":\"Teranet\",\"url\":\"https:\/\/www.teranet.ca\/\",\"logo\":{\"@id\":\"https:\/\/www.teranet.ca\/fr\/about-us\/executive-team\/agostino-russo\/#local-main-organization-logo\"},\"image\":{\"@id\":\"https:\/\/www.teranet.ca\/fr\/about-us\/executive-team\/agostino-russo\/#local-main-organization-logo\"},\"sameAs\":[\"https:\/\/x.com\/TERANET_SOCIAL\",\"https:\/\/www.linkedin.com\/company\/teranet-inc.\/\"],\"telephone\":[],\"openingHoursSpecification\":[{\"@type\":\"OpeningHoursSpecification\",\"dayOfWeek\":[\"Monday\",\"Tuesday\",\"Wednesday\",\"Thursday\",\"Friday\",\"Saturday\",\"Sunday\"],\"opens\":\"09:00\",\"closes\":\"17:00\"}]},{\"@type\":\"ImageObject\",\"inLanguage\":\"fr-CA\",\"@id\":\"https:\/\/www.teranet.ca\/fr\/about-us\/executive-team\/agostino-russo\/#local-main-organization-logo\",\"url\":\"https:\/\/www.teranet.ca\/wp-content\/uploads\/2022\/02\/teranet_logo.webp\",\"contentUrl\":\"https:\/\/www.teranet.ca\/wp-content\/uploads\/2022\/02\/teranet_logo.webp\",\"width\":1842,\"height\":256,\"caption\":\"Teranet\"}]}<\/script>\n<!-- \/ Yoast SEO Premium plugin. -->","yoast_head_json":{"title":"Agostino Russo - Teranet","robots":{"index":"index","follow":"follow","max-snippet":"max-snippet:-1","max-image-preview":"max-image-preview:large","max-video-preview":"max-video-preview:-1"},"canonical":"https:\/\/www.teranet.ca\/fr\/about-us\/executive-team\/agostino-russo\/","og_locale":"fr_CA","og_type":"article","og_title":"Agostino Russo","og_description":"[vc_row type=\u00a0\u00bbin_container\u00a0\u00bb full_screen_row_position=\u00a0\u00bbmiddle\u00a0\u00bb column_margin=\u00a0\u00bb20px\u00a0\u00bb equal_height=\u00a0\u00bbyes\u00a0\u00bb content_placement=\u00a0\u00bbtop\u00a0\u00bb column_direction=\u00a0\u00bbdefault\u00a0\u00bb column_direction_tablet=\u00a0\u00bbdefault\u00a0\u00bb column_direction_phone=\u00a0\u00bbdefault\u00a0\u00bb bg_color=\u00a0\u00bb#ffffff\u00a0\u00bb bg_image=\u00a0\u00bb5994&Prime; bg_position=\u00a0\u00bbcenter center\u00a0\u00bb background_image_loading=\u00a0\u00bblazy-load\u00a0\u00bb bg_repeat=\u00a0\u00bbno-repeat\u00a0\u00bb scene_position=\u00a0\u00bbcenter\u00a0\u00bb top_padding=\u00a0\u00bb2%\u00a0\u00bb bottom_padding=\u00a0\u00bb2%\u00a0\u00bb left_padding_desktop=\u00a0\u00bb2%\u00a0\u00bb constrain_group_2=\u00a0\u00bbyes\u00a0\u00bb right_padding_desktop=\u00a0\u00bb2%\u00a0\u00bb text_color=\u00a0\u00bbdark\u00a0\u00bb text_align=\u00a0\u00bbleft\u00a0\u00bb row_border_radius=\u00a0\u00bbnone\u00a0\u00bb row_border_radius_applies=\u00a0\u00bbbg\u00a0\u00bb overflow=\u00a0\u00bbvisible\u00a0\u00bb advanced_gradient_angle=\u00a0\u00bb0&Prime; overlay_strength=\u00a0\u00bb0.3&Prime; gradient_direction=\u00a0\u00bbleft_to_right\u00a0\u00bb shape_divider_position=\u00a0\u00bbbottom\u00a0\u00bb...","og_url":"https:\/\/www.teranet.ca\/fr\/about-us\/executive-team\/agostino-russo\/","og_site_name":"Teranet","article_modified_time":"2022-12-08T16:57:11+00:00","twitter_card":"summary_large_image","twitter_site":"@TERANET_SOCIAL","twitter_misc":{"Estimation du temps de lecture":"6 minutes"},"schema":{"@context":"https:\/\/schema.org","@graph":[{"@type":"WebPage","@id":"https:\/\/www.teranet.ca\/fr\/about-us\/executive-team\/agostino-russo\/","url":"https:\/\/www.teranet.ca\/fr\/about-us\/executive-team\/agostino-russo\/","name":"Agostino Russo - Teranet","isPartOf":{"@id":"https:\/\/www.teranet.ca\/#website"},"datePublished":"2022-05-23T01:03:25+00:00","dateModified":"2022-12-08T16:57:11+00:00","breadcrumb":{"@id":"https:\/\/www.teranet.ca\/fr\/about-us\/executive-team\/agostino-russo\/#breadcrumb"},"inLanguage":"fr-CA","potentialAction":[{"@type":"ReadAction","target":["https:\/\/www.teranet.ca\/fr\/about-us\/executive-team\/agostino-russo\/"]}]},{"@type":"BreadcrumbList","@id":"https:\/\/www.teranet.ca\/fr\/about-us\/executive-team\/agostino-russo\/#breadcrumb","itemListElement":[{"@type":"ListItem","position":1,"name":"Home","item":"https:\/\/www.teranet.ca\/fr\/"},{"@type":"ListItem","position":2,"name":"\u00c0 propos de nous","item":"https:\/\/www.teranet.ca\/fr\/about-us\/"},{"@type":"ListItem","position":3,"name":"\u00c9quipe de direction de Teranet","item":"https:\/\/www.teranet.ca\/fr\/about-us\/executive-team\/"},{"@type":"ListItem","position":4,"name":"Agostino Russo"}]},{"@type":"WebSite","@id":"https:\/\/www.teranet.ca\/#website","url":"https:\/\/www.teranet.ca\/","name":"Teranet","description":"Reliable Data + Insightful Solutions","publisher":{"@id":"https:\/\/www.teranet.ca\/#organization"},"potentialAction":[{"@type":"SearchAction","target":{"@type":"EntryPoint","urlTemplate":"https:\/\/www.teranet.ca\/?s={search_term_string}"},"query-input":{"@type":"PropertyValueSpecification","valueRequired":true,"valueName":"search_term_string"}}],"inLanguage":"fr-CA"},{"@type":["Organization","Place"],"@id":"https:\/\/www.teranet.ca\/#organization","name":"Teranet","url":"https:\/\/www.teranet.ca\/","logo":{"@id":"https:\/\/www.teranet.ca\/fr\/about-us\/executive-team\/agostino-russo\/#local-main-organization-logo"},"image":{"@id":"https:\/\/www.teranet.ca\/fr\/about-us\/executive-team\/agostino-russo\/#local-main-organization-logo"},"sameAs":["https:\/\/x.com\/TERANET_SOCIAL","https:\/\/www.linkedin.com\/company\/teranet-inc.\/"],"telephone":[],"openingHoursSpecification":[{"@type":"OpeningHoursSpecification","dayOfWeek":["Monday","Tuesday","Wednesday","Thursday","Friday","Saturday","Sunday"],"opens":"09:00","closes":"17:00"}]},{"@type":"ImageObject","inLanguage":"fr-CA","@id":"https:\/\/www.teranet.ca\/fr\/about-us\/executive-team\/agostino-russo\/#local-main-organization-logo","url":"https:\/\/www.teranet.ca\/wp-content\/uploads\/2022\/02\/teranet_logo.webp","contentUrl":"https:\/\/www.teranet.ca\/wp-content\/uploads\/2022\/02\/teranet_logo.webp","width":1842,"height":256,"caption":"Teranet"}]}},"_links":{"self":[{"href":"https:\/\/www.teranet.ca\/fr\/wp-json\/wp\/v2\/pages\/9246","targetHints":{"allow":["GET"]}}],"collection":[{"href":"https:\/\/www.teranet.ca\/fr\/wp-json\/wp\/v2\/pages"}],"about":[{"href":"https:\/\/www.teranet.ca\/fr\/wp-json\/wp\/v2\/types\/page"}],"author":[{"embeddable":true,"href":"https:\/\/www.teranet.ca\/fr\/wp-json\/wp\/v2\/users\/6"}],"replies":[{"embeddable":true,"href":"https:\/\/www.teranet.ca\/fr\/wp-json\/wp\/v2\/comments?post=9246"}],"version-history":[{"count":0,"href":"https:\/\/www.teranet.ca\/fr\/wp-json\/wp\/v2\/pages\/9246\/revisions"}],"up":[{"embeddable":true,"href":"https:\/\/www.teranet.ca\/fr\/wp-json\/wp\/v2\/pages\/6842"}],"wp:attachment":[{"href":"https:\/\/www.teranet.ca\/fr\/wp-json\/wp\/v2\/media?parent=9246"}],"curies":[{"name":"wp","href":"https:\/\/api.w.org\/{rel}","templated":true}]}}